{"id":176,"date":"2023-05-18T00:14:37","date_gmt":"2023-05-18T00:14:37","guid":{"rendered":"https:\/\/carzanet.com\/?page_id=176"},"modified":"2024-06-11T01:55:34","modified_gmt":"2024-06-11T01:55:34","slug":"nuestros-clientes","status":"publish","type":"page","link":"https:\/\/carzanet.com\/index.php\/nuestros-clientes\/","title":{"rendered":"Tecnologias"},"content":{"rendered":"\t\t<div data-elementor-type=\"wp-page\" data-elementor-id=\"176\" class=\"elementor elementor-176\">\n\t\t\t\t<div class=\"elementor-element elementor-element-3c4b441e e-flex e-con-boxed e-con e-parent\" data-id=\"3c4b441e\" data-element_type=\"container\" data-e-type=\"container\" data-settings=\"{&quot;background_background&quot;:&quot;gradient&quot;}\">\n\t\t\t\t\t<div class=\"e-con-inner\">\n\t\t<div class=\"elementor-element elementor-element-2bfc4432 e-flex e-con-boxed e-con e-parent\" data-id=\"2bfc4432\" data-element_type=\"container\" data-e-type=\"container\">\n\t\t\t\t\t<div class=\"e-con-inner\">\n\t\t\t\t<div class=\"elementor-element elementor-element-7480e27 animated-slow elementor-invisible elementor-widget elementor-widget-heading\" data-id=\"7480e27\" data-element_type=\"widget\" data-e-type=\"widget\" data-settings=\"{&quot;_animation&quot;:&quot;slideInUp&quot;}\" data-widget_type=\"heading.default\">\n\t\t\t\t\t<h2 class=\"elementor-heading-title elementor-size-default\">TECNOLOGIA<\/h2>\t\t\t\t<\/div>\n\t\t\t\t\t<\/div>\n\t\t\t\t<\/div>\n\t\t<div class=\"elementor-element elementor-element-575ec015 e-con-full e-flex e-con e-parent\" data-id=\"575ec015\" data-element_type=\"container\" data-e-type=\"container\">\n\t\t<div class=\"elementor-element elementor-element-65c0b76 e-con-full e-flex e-con e-parent\" data-id=\"65c0b76\" data-element_type=\"container\" data-e-type=\"container\">\n\t\t\t\t<div class=\"elementor-element elementor-element-338aa3fe elementor-widget elementor-widget-heading\" data-id=\"338aa3fe\" data-element_type=\"widget\" data-e-type=\"widget\" data-widget_type=\"heading.default\">\n\t\t\t\t\t<h3 class=\"elementor-heading-title elementor-size-default\">PARTNER<\/h3>\t\t\t\t<\/div>\n\t\t\t\t<div class=\"elementor-element elementor-element-41aeb732 elementor-position-top elementor-widget elementor-widget-image-box\" data-id=\"41aeb732\" data-element_type=\"widget\" data-e-type=\"widget\" data-widget_type=\"image-box.default\">\n\t\t\t\t\t<div class=\"elementor-image-box-wrapper\"><figure class=\"elementor-image-box-img\"><img fetchpriority=\"high\" decoding=\"async\" width=\"940\" height=\"246\" src=\"https:\/\/carzanet.com\/wp-content\/uploads\/2023\/11\/fortinet-logo.png\" class=\"elementor-animation-grow attachment-full size-full wp-image-671\" alt=\"\" srcset=\"https:\/\/carzanet.com\/wp-content\/uploads\/2023\/11\/fortinet-logo.png 940w, https:\/\/carzanet.com\/wp-content\/uploads\/2023\/11\/fortinet-logo-300x79.png 300w, https:\/\/carzanet.com\/wp-content\/uploads\/2023\/11\/fortinet-logo-768x201.png 768w\" sizes=\"(max-width: 940px) 100vw, 940px\" \/><\/figure><div class=\"elementor-image-box-content\"><p class=\"elementor-image-box-description\">Fortinet empresa especializada en ciberseguridad que proporciona soluciones para proteger a las organizaciones de amenazas cibern\u00e9ticas. Sus productos incluyen firewalls e sistemas de prevenci\u00f3n de intrusiones, ayudando a mantener la seguridad en un entorno digital complejo.<\/p><\/div><\/div>\t\t\t\t<\/div>\n\t\t\t\t<\/div>\n\t\t<div class=\"elementor-element elementor-element-793bdfd6 e-con-full e-flex e-con e-parent\" data-id=\"793bdfd6\" data-element_type=\"container\" data-e-type=\"container\">\n\t\t\t\t<div class=\"elementor-element elementor-element-152cabef elementor-widget elementor-widget-heading\" data-id=\"152cabef\" data-element_type=\"widget\" data-e-type=\"widget\" data-widget_type=\"heading.default\">\n\t\t\t\t\t<h3 class=\"elementor-heading-title elementor-size-default\">RESELLER<\/h3>\t\t\t\t<\/div>\n\t\t\t\t<div class=\"elementor-element elementor-element-4592a5dd elementor-position-top elementor-widget elementor-widget-image-box\" data-id=\"4592a5dd\" data-element_type=\"widget\" data-e-type=\"widget\" data-widget_type=\"image-box.default\">\n\t\t\t\t\t<div class=\"elementor-image-box-wrapper\"><figure class=\"elementor-image-box-img\"><img decoding=\"async\" width=\"4250\" height=\"810\" src=\"https:\/\/carzanet.com\/wp-content\/uploads\/2023\/11\/Kaspersky-logo.png\" class=\"elementor-animation-grow attachment-full size-full wp-image-672\" alt=\"\" srcset=\"https:\/\/carzanet.com\/wp-content\/uploads\/2023\/11\/Kaspersky-logo.png 4250w, https:\/\/carzanet.com\/wp-content\/uploads\/2023\/11\/Kaspersky-logo-300x57.png 300w, https:\/\/carzanet.com\/wp-content\/uploads\/2023\/11\/Kaspersky-logo-1024x195.png 1024w, https:\/\/carzanet.com\/wp-content\/uploads\/2023\/11\/Kaspersky-logo-768x146.png 768w, https:\/\/carzanet.com\/wp-content\/uploads\/2023\/11\/Kaspersky-logo-1536x293.png 1536w, https:\/\/carzanet.com\/wp-content\/uploads\/2023\/11\/Kaspersky-logo-2048x390.png 2048w\" sizes=\"(max-width: 4250px) 100vw, 4250px\" \/><\/figure><div class=\"elementor-image-box-content\"><p class=\"elementor-image-box-description\">Kaspersky es una reconocida empresa de ciberseguridad que se especializa en la creaci\u00f3n de soluciones y productos para proteger sistemas, datos y redes contra amenazas cibern\u00e9ticas. Sus ofertas incluyen antivirus, programas de seguridad en l\u00ednea y soluciones de seguridad avanzadas para empresas, brindando un s\u00f3lido escudo contra los riesgos del mundo digital.<\/p><\/div><\/div>\t\t\t\t<\/div>\n\t\t\t\t<\/div>\n\t\t<div class=\"elementor-element elementor-element-71c39e8c e-con-full e-flex e-con e-parent\" data-id=\"71c39e8c\" data-element_type=\"container\" data-e-type=\"container\">\n\t\t\t\t<div class=\"elementor-element elementor-element-a4fa22b elementor-widget elementor-widget-heading\" data-id=\"a4fa22b\" data-element_type=\"widget\" data-e-type=\"widget\" data-widget_type=\"heading.default\">\n\t\t\t\t\t<h3 class=\"elementor-heading-title elementor-size-default\">RESELLER<\/h3>\t\t\t\t<\/div>\n\t\t\t\t<div class=\"elementor-element elementor-element-57e36d47 elementor-position-top elementor-widget elementor-widget-image-box\" data-id=\"57e36d47\" data-element_type=\"widget\" data-e-type=\"widget\" data-widget_type=\"image-box.default\">\n\t\t\t\t\t<div class=\"elementor-image-box-wrapper\"><figure class=\"elementor-image-box-img\"><img decoding=\"async\" width=\"512\" height=\"238\" src=\"https:\/\/carzanet.com\/wp-content\/uploads\/2023\/11\/cisco2.png\" class=\"elementor-animation-grow attachment-full size-full wp-image-680\" alt=\"\" srcset=\"https:\/\/carzanet.com\/wp-content\/uploads\/2023\/11\/cisco2.png 512w, https:\/\/carzanet.com\/wp-content\/uploads\/2023\/11\/cisco2-300x139.png 300w\" sizes=\"(max-width: 512px) 100vw, 512px\" \/><\/figure><div class=\"elementor-image-box-content\"><p class=\"elementor-image-box-description\">Cisco, l\u00edder en el campo de tecnolog\u00edas de la informaci\u00f3n y comunicaci\u00f3n. Se especializa en la fabricaci\u00f3n y desarrollo de equipos de red, software y servicios relacionados que permiten la conectividad y la comunicaci\u00f3n efectiva. Sus soluciones abarcan desde redes empresariales hasta tecnolog\u00edas de Internet de las cosas (IoT), contribuyendo a la creaci\u00f3n de infraestructuras de comunicaci\u00f3n s\u00f3lidas y seguras.<\/p><\/div><\/div>\t\t\t\t<\/div>\n\t\t\t\t<\/div>\n\t\t\t\t<\/div>\n\t\t\t\t\t<\/div>\n\t\t\t\t<\/div>\n\t\t\t\t<\/div>\n\t\t","protected":false},"excerpt":{"rendered":"<p>TECNOLOGIA PARTNER Fortinet empresa especializada en ciberseguridad que proporciona soluciones para proteger a las organizaciones de amenazas cibern\u00e9ticas. Sus productos incluyen firewalls e sistemas de prevenci\u00f3n de intrusiones, ayudando a mantener la seguridad en un entorno digital complejo. RESELLER Kaspersky es una reconocida empresa de ciberseguridad que se especializa en la creaci\u00f3n de soluciones y [&hellip;]<\/p>\n","protected":false},"author":1,"featured_media":0,"parent":0,"menu_order":0,"comment_status":"closed","ping_status":"closed","template":"","meta":{"site-sidebar-layout":"no-sidebar","site-content-layout":"page-builder","ast-site-content-layout":"default","site-content-style":"default","site-sidebar-style":"default","ast-global-header-display":"","ast-banner-title-visibility":"","ast-main-header-display":"","ast-hfb-above-header-display":"","ast-hfb-below-header-display":"","ast-hfb-mobile-header-display":"","site-post-title":"disabled","ast-breadcrumbs-content":"","ast-featured-img":"disabled","footer-sml-layout":"","ast-disable-related-posts":"","theme-transparent-header-meta":"","adv-header-id-meta":"","stick-header-meta":"","header-above-stick-meta":"","header-main-stick-meta":"","header-below-stick-meta":"","astra-migrate-meta-layouts":"default","ast-page-background-enabled":"default","ast-page-background-meta":{"desktop":{"background-color":"var(--ast-global-color-4)","background-image":"","background-repeat":"repeat","background-position":"center center","background-size":"auto","background-attachment":"scroll","background-type":"","background-media":"","overlay-type":"","overlay-color":"","overlay-opacity":"","overlay-gradient":""},"tablet":{"background-color":"","background-image":"","background-repeat":"repeat","background-position":"center center","background-size":"auto","background-attachment":"scroll","background-type":"","background-media":"","overlay-type":"","overlay-color":"","overlay-opacity":"","overlay-gradient":""},"mobile":{"background-color":"","background-image":"","background-repeat":"repeat","background-position":"center center","background-size":"auto","background-attachment":"scroll","background-type":"","background-media":"","overlay-type":"","overlay-color":"","overlay-opacity":"","overlay-gradient":""}},"ast-content-background-meta":{"desktop":{"background-color":"var(--ast-global-color-5)","background-image":"","background-repeat":"repeat","background-position":"center center","background-size":"auto","background-attachment":"scroll","background-type":"","background-media":"","overlay-type":"","overlay-color":"","overlay-opacity":"","overlay-gradient":""},"tablet":{"background-color":"var(--ast-global-color-5)","background-image":"","background-repeat":"repeat","background-position":"center center","background-size":"auto","background-attachment":"scroll","background-type":"","background-media":"","overlay-type":"","overlay-color":"","overlay-opacity":"","overlay-gradient":""},"mobile":{"background-color":"var(--ast-global-color-5)","background-image":"","background-repeat":"repeat","background-position":"center center","background-size":"auto","background-attachment":"scroll","background-type":"","background-media":"","overlay-type":"","overlay-color":"","overlay-opacity":"","overlay-gradient":""}},"footnotes":""},"class_list":["post-176","page","type-page","status-publish","hentry"],"_links":{"self":[{"href":"https:\/\/carzanet.com\/index.php\/wp-json\/wp\/v2\/pages\/176","targetHints":{"allow":["GET"]}}],"collection":[{"href":"https:\/\/carzanet.com\/index.php\/wp-json\/wp\/v2\/pages"}],"about":[{"href":"https:\/\/carzanet.com\/index.php\/wp-json\/wp\/v2\/types\/page"}],"author":[{"embeddable":true,"href":"https:\/\/carzanet.com\/index.php\/wp-json\/wp\/v2\/users\/1"}],"replies":[{"embeddable":true,"href":"https:\/\/carzanet.com\/index.php\/wp-json\/wp\/v2\/comments?post=176"}],"version-history":[{"count":55,"href":"https:\/\/carzanet.com\/index.php\/wp-json\/wp\/v2\/pages\/176\/revisions"}],"predecessor-version":[{"id":773,"href":"https:\/\/carzanet.com\/index.php\/wp-json\/wp\/v2\/pages\/176\/revisions\/773"}],"wp:attachment":[{"href":"https:\/\/carzanet.com\/index.php\/wp-json\/wp\/v2\/media?parent=176"}],"curies":[{"name":"wp","href":"https:\/\/api.w.org\/{rel}","templated":true}]}}