{"id":174,"date":"2023-05-18T00:13:51","date_gmt":"2023-05-18T00:13:51","guid":{"rendered":"https:\/\/carzanet.com\/?page_id=174"},"modified":"2024-06-11T01:57:57","modified_gmt":"2024-06-11T01:57:57","slug":"nosotros","status":"publish","type":"page","link":"https:\/\/carzanet.com\/index.php\/nosotros\/","title":{"rendered":"Nosotros"},"content":{"rendered":"\t\t<div data-elementor-type=\"wp-page\" data-elementor-id=\"174\" class=\"elementor elementor-174\">\n\t\t\t\t<div class=\"elementor-element elementor-element-3adc72b0 e-flex e-con-boxed e-con e-parent\" data-id=\"3adc72b0\" data-element_type=\"container\" data-e-type=\"container\" data-settings=\"{&quot;background_background&quot;:&quot;gradient&quot;}\">\n\t\t\t\t\t<div class=\"e-con-inner\">\n\t\t<div class=\"elementor-element elementor-element-34470f40 e-flex e-con-boxed e-con e-parent\" data-id=\"34470f40\" data-element_type=\"container\" data-e-type=\"container\">\n\t\t\t\t\t<div class=\"e-con-inner\">\n\t\t\t\t<div class=\"elementor-element elementor-element-625676a2 animated-slow elementor-invisible elementor-widget elementor-widget-heading\" data-id=\"625676a2\" data-element_type=\"widget\" data-e-type=\"widget\" data-settings=\"{&quot;_animation&quot;:&quot;slideInUp&quot;}\" data-widget_type=\"heading.default\">\n\t\t\t\t\t<h2 class=\"elementor-heading-title elementor-size-default\">NOSOTROS<\/h2>\t\t\t\t<\/div>\n\t\t\t\t\t<\/div>\n\t\t\t\t<\/div>\n\t\t<div class=\"elementor-element elementor-element-28ffc62a e-con-full e-flex e-con e-parent\" data-id=\"28ffc62a\" data-element_type=\"container\" data-e-type=\"container\">\n\t\t<div class=\"elementor-element elementor-element-4c41383b e-con-full e-flex e-con e-parent\" data-id=\"4c41383b\" data-element_type=\"container\" data-e-type=\"container\">\n\t\t\t\t<div class=\"elementor-element elementor-element-2d3ab3 elementor-widget elementor-widget-heading\" data-id=\"2d3ab3\" data-element_type=\"widget\" data-e-type=\"widget\" data-widget_type=\"heading.default\">\n\t\t\t\t\t<h3 class=\"elementor-heading-title elementor-size-default\">MISION<\/h3>\t\t\t\t<\/div>\n\t\t\t\t<div class=\"elementor-element elementor-element-651adc3f elementor-widget elementor-widget-image-box\" data-id=\"651adc3f\" data-element_type=\"widget\" data-e-type=\"widget\" data-widget_type=\"image-box.default\">\n\t\t\t\t\t<div class=\"elementor-image-box-wrapper\"><div class=\"elementor-image-box-content\"><p class=\"elementor-image-box-description\">Nuestra misi\u00f3n en CARZAnet, en esta era de constante evoluci\u00f3n tecnol\u00f3gica, es brindar soluciones innovadoras y adaptadas a las necesidades actuales de nuestros socios de negocio, asegurando su crecimiento y \u00e9xito en el mundo digital.<\/p><\/div><\/div>\t\t\t\t<\/div>\n\t\t\t\t<\/div>\n\t\t<div class=\"elementor-element elementor-element-b587298 e-con-full e-flex e-con e-parent\" data-id=\"b587298\" data-element_type=\"container\" data-e-type=\"container\">\n\t\t\t\t<div class=\"elementor-element elementor-element-5c215d23 elementor-widget elementor-widget-heading\" data-id=\"5c215d23\" data-element_type=\"widget\" data-e-type=\"widget\" data-widget_type=\"heading.default\">\n\t\t\t\t\t<h3 class=\"elementor-heading-title elementor-size-default\">VISION<\/h3>\t\t\t\t<\/div>\n\t\t\t\t<div class=\"elementor-element elementor-element-5cf64654 elementor-widget elementor-widget-image-box\" data-id=\"5cf64654\" data-element_type=\"widget\" data-e-type=\"widget\" data-widget_type=\"image-box.default\">\n\t\t\t\t\t<div class=\"elementor-image-box-wrapper\"><div class=\"elementor-image-box-content\"><p class=\"elementor-image-box-description\">Nuestra visi\u00f3n en CARZAnet es ser el referente en soluciones tecnol\u00f3gicas innovadoras y personalizadas para empresas, destac\u00e1ndonos por nuestra capacidad de adaptarnos y superar los desaf\u00edos de la era digital. Buscamos ser reconocidos como el socio estrat\u00e9gico preferido, brindando servicios de vanguardia que impulsen el \u00e9xito y el crecimiento de nuestros clientes en el mundo empresarial actual.<\/p><\/div><\/div>\t\t\t\t<\/div>\n\t\t\t\t<\/div>\n\t\t<div class=\"elementor-element elementor-element-5a965778 e-con-full e-flex e-con e-parent\" data-id=\"5a965778\" data-element_type=\"container\" data-e-type=\"container\">\n\t\t\t\t<div class=\"elementor-element elementor-element-3bc8f629 elementor-widget elementor-widget-heading\" data-id=\"3bc8f629\" data-element_type=\"widget\" data-e-type=\"widget\" data-widget_type=\"heading.default\">\n\t\t\t\t\t<h3 class=\"elementor-heading-title elementor-size-default\">VALORES<\/h3>\t\t\t\t<\/div>\n\t\t\t\t<div class=\"elementor-element elementor-element-762df15a elementor-widget elementor-widget-image-box\" data-id=\"762df15a\" data-element_type=\"widget\" data-e-type=\"widget\" data-widget_type=\"image-box.default\">\n\t\t\t\t\t<div class=\"elementor-image-box-wrapper\"><div class=\"elementor-image-box-content\"><p class=\"elementor-image-box-description\">En CARZAnet, nos destacamos por nuestros valores empresariales fundamentales: innovaci\u00f3n, orientaci\u00f3n al cliente, transparencia, responsabilidad social, adaptabilidad, seguridad y privacidad. Estos valores nos impulsan a ofrecer soluciones creativas y tecnol\u00f3gicas, brindando un servicio personalizado centrado en las necesidades de nuestros clientes. Nuestra cultura se basa en la transparencia y la responsabilidad social, demostrando nuestra capacidad de adaptarnos r\u00e1pidamente a los cambios del mercado y garantizando la seguridad y privacidad de los datos. Estos valores son la base de nuestro \u00e9xito y nos gu\u00edan en cada aspecto de nuestro negocio.<\/p><\/div><\/div>\t\t\t\t<\/div>\n\t\t\t\t<\/div>\n\t\t\t\t<\/div>\n\t\t\t\t\t<\/div>\n\t\t\t\t<\/div>\n\t\t\t\t<\/div>\n\t\t","protected":false},"excerpt":{"rendered":"<p>NOSOTROS MISION Nuestra misi\u00f3n en CARZAnet, en esta era de constante evoluci\u00f3n tecnol\u00f3gica, es brindar soluciones innovadoras y adaptadas a las necesidades actuales de nuestros socios de negocio, asegurando su crecimiento y \u00e9xito en el mundo digital. VISION Nuestra visi\u00f3n en CARZAnet es ser el referente en soluciones tecnol\u00f3gicas innovadoras y personalizadas para empresas, destac\u00e1ndonos [&hellip;]<\/p>\n","protected":false},"author":1,"featured_media":0,"parent":0,"menu_order":0,"comment_status":"closed","ping_status":"closed","template":"","meta":{"site-sidebar-layout":"no-sidebar","site-content-layout":"page-builder","ast-site-content-layout":"default","site-content-style":"default","site-sidebar-style":"default","ast-global-header-display":"","ast-banner-title-visibility":"","ast-main-header-display":"","ast-hfb-above-header-display":"","ast-hfb-below-header-display":"","ast-hfb-mobile-header-display":"","site-post-title":"disabled","ast-breadcrumbs-content":"","ast-featured-img":"disabled","footer-sml-layout":"","ast-disable-related-posts":"","theme-transparent-header-meta":"","adv-header-id-meta":"","stick-header-meta":"","header-above-stick-meta":"","header-main-stick-meta":"","header-below-stick-meta":"","astra-migrate-meta-layouts":"default","ast-page-background-enabled":"default","ast-page-background-meta":{"desktop":{"background-color":"var(--ast-global-color-4)","background-image":"","background-repeat":"repeat","background-position":"center center","background-size":"auto","background-attachment":"scroll","background-type":"","background-media":"","overlay-type":"","overlay-color":"","overlay-opacity":"","overlay-gradient":""},"tablet":{"background-color":"","background-image":"","background-repeat":"repeat","background-position":"center center","background-size":"auto","background-attachment":"scroll","background-type":"","background-media":"","overlay-type":"","overlay-color":"","overlay-opacity":"","overlay-gradient":""},"mobile":{"background-color":"","background-image":"","background-repeat":"repeat","background-position":"center center","background-size":"auto","background-attachment":"scroll","background-type":"","background-media":"","overlay-type":"","overlay-color":"","overlay-opacity":"","overlay-gradient":""}},"ast-content-background-meta":{"desktop":{"background-color":"var(--ast-global-color-5)","background-image":"","background-repeat":"repeat","background-position":"center center","background-size":"auto","background-attachment":"scroll","background-type":"","background-media":"","overlay-type":"","overlay-color":"","overlay-opacity":"","overlay-gradient":""},"tablet":{"background-color":"var(--ast-global-color-5)","background-image":"","background-repeat":"repeat","background-position":"center center","background-size":"auto","background-attachment":"scroll","background-type":"","background-media":"","overlay-type":"","overlay-color":"","overlay-opacity":"","overlay-gradient":""},"mobile":{"background-color":"var(--ast-global-color-5)","background-image":"","background-repeat":"repeat","background-position":"center center","background-size":"auto","background-attachment":"scroll","background-type":"","background-media":"","overlay-type":"","overlay-color":"","overlay-opacity":"","overlay-gradient":""}},"footnotes":""},"class_list":["post-174","page","type-page","status-publish","hentry"],"_links":{"self":[{"href":"https:\/\/carzanet.com\/index.php\/wp-json\/wp\/v2\/pages\/174","targetHints":{"allow":["GET"]}}],"collection":[{"href":"https:\/\/carzanet.com\/index.php\/wp-json\/wp\/v2\/pages"}],"about":[{"href":"https:\/\/carzanet.com\/index.php\/wp-json\/wp\/v2\/types\/page"}],"author":[{"embeddable":true,"href":"https:\/\/carzanet.com\/index.php\/wp-json\/wp\/v2\/users\/1"}],"replies":[{"embeddable":true,"href":"https:\/\/carzanet.com\/index.php\/wp-json\/wp\/v2\/comments?post=174"}],"version-history":[{"count":28,"href":"https:\/\/carzanet.com\/index.php\/wp-json\/wp\/v2\/pages\/174\/revisions"}],"predecessor-version":[{"id":776,"href":"https:\/\/carzanet.com\/index.php\/wp-json\/wp\/v2\/pages\/174\/revisions\/776"}],"wp:attachment":[{"href":"https:\/\/carzanet.com\/index.php\/wp-json\/wp\/v2\/media?parent=174"}],"curies":[{"name":"wp","href":"https:\/\/api.w.org\/{rel}","templated":true}]}}